{"id":89,"date":"2021-02-23T11:42:35","date_gmt":"2021-02-23T10:42:35","guid":{"rendered":"http:\/\/blaschke-net.com\/?page_id=89"},"modified":"2026-03-10T13:05:29","modified_gmt":"2026-03-10T12:05:29","slug":"impressum","status":"publish","type":"page","link":"https:\/\/blaschke-net.com\/?page_id=89","title":{"rendered":"Impressum"},"content":{"rendered":"<div class=\"gb-container gb-container-3a710e3b\">\n<div class=\"gb-container gb-container-31aff38d\">\n\n<h1 class=\"gb-headline gb-headline-1d0090ad gb-headline-text\">Impressum<\/h1>\n\n\n\n<p>Verantwortlich f\u00fcr die Webseite und deren Inhalt nach \u00a75 TMG:<\/p>\n\n\n\n<p>Postanschrift:<br>Andreas Blaschke<br>Zornedinger Str. 13<br>85630 Grasbrunn<\/p>\n\n\n\n<p>Telefon: +49 (8106) 3217262<br>E-Mail: webmaster@blaschke-net.com<\/p>\n\n\n\n<h3 class=\"wp-block-heading\">Haftungsausschluss: <\/h3>\n\n\n\n<h4 class=\"wp-block-heading\">Haftung f\u00fcr Inhalte<\/h4>\n\n\n\n<p>Die Inhalte unserer Seiten wurden mit gr\u00f6\u00dfter Sorgfalt erstellt. F\u00fcr die  Richtigkeit, Vollst\u00e4ndigkeit und Aktualit\u00e4t der Inhalte k\u00f6nnen wir  jedoch keine Gew\u00e4hr \u00fcbernehmen. Als Diensteanbieter sind wir gem\u00e4\u00df \u00a7 7 Abs.1 TMG f\u00fcr eigene Inhalte auf diesen Seiten nach den allgemeinen  Gesetzen verantwortlich. Nach \u00a7\u00a7 8 bis 10 TMG sind wir als  Diensteanbieter jedoch nicht verpflichtet, \u00fcbermittelte oder  gespeicherte fremde Informationen zu \u00fcberwachen oder nach Umst\u00e4nden zu forschen, die auf eine rechtswidrige T\u00e4tigkeit hinweisen. Verpflichtungen zur Entfernung oder Sperrung der Nutzung von Informationen nach den allgemeinen Gesetzen bleiben hiervon unber\u00fchrt. Eine diesbez\u00fcgliche Haftung ist jedoch erst ab dem Zeitpunkt der Kenntnis einer konkreten Rechtsverletzung m\u00f6glich. Bei Bekanntwerden von  entsprechenden Rechtsverletzungen werden wir diese Inhalte umgehend  entfernen.<\/p>\n\n\n\n<h4 class=\"wp-block-heading\">Haftung f\u00fcr Links<\/h4>\n\n\n\n<p>Unser Angebot enth\u00e4lt Links zu externen Webseiten Dritter, auf deren  Inhalte wir keinen Einfluss haben. Deshalb k\u00f6nnen wir f\u00fcr diese fremden  Inhalte auch keine Gew\u00e4hr \u00fcbernehmen. F\u00fcr die Inhalte der verlinkten Seiten ist stets der jeweilige Anbieter oder Betreiber der Seiten verantwortlich. Die verlinkten Seiten wurden zum Zeitpunkt der Verlinkung auf m\u00f6gliche Rechtsverst\u00f6\u00dfe \u00fcberpr\u00fcft. Rechtswidrige Inhalte waren zum Zeitpunkt der Verlinkung nicht erkennbar. Eine permanente inhaltliche Kontrolle der verlinkten Seiten ist jedoch ohne konkrete Anhaltspunkte einer Rechtsverletzung nicht zumutbar. Bei Bekanntwerden von Rechtsverletzungen werden wir derartige Links umgehend entfernen.<\/p>\n\n\n\n<p>Website Impressum erstellt durch impressum-generator.de von der Kanzlei Hasselbach.<\/p>\n\n\n\n<p><a href=\"http:\/\/proceed-it.com\" target=\"_blank\" rel=\"noreferrer noopener\">Webdesign<\/a>: proceed-IT Solutions GmbH<\/p>\n\n<\/div>\n<\/div>","protected":false},"excerpt":{"rendered":"<p>Impressum Verantwortlich f\u00fcr die Webseite und deren Inhalt nach \u00a75 TMG: Postanschrift:Andreas BlaschkeZornedinger Str. 1385630 Grasbrunn Telefon: +49 (8106) 3217262E-Mail: webmaster@blaschke-net.com Haftungsausschluss: Haftung f\u00fcr Inhalte Die Inhalte unserer Seiten wurden mit gr\u00f6\u00dfter Sorgfalt erstellt. F\u00fcr die Richtigkeit, Vollst\u00e4ndigkeit und Aktualit\u00e4t der Inhalte k\u00f6nnen wir jedoch keine Gew\u00e4hr \u00fcbernehmen. Als Diensteanbieter sind wir gem\u00e4\u00df \u00a7 7 &#8230; <a title=\"Impressum\" class=\"read-more\" href=\"https:\/\/blaschke-net.com\/?page_id=89\" aria-label=\"Mehr Informationen \u00fcber Impressum\">Weiterlesen<\/a><\/p>\n","protected":false},"author":1,"featured_media":0,"parent":0,"menu_order":0,"comment_status":"closed","ping_status":"closed","template":"","meta":{"footnotes":""},"class_list":["post-89","page","type-page","status-publish"],"_links":{"self":[{"href":"https:\/\/blaschke-net.com\/index.php?rest_route=\/wp\/v2\/pages\/89","targetHints":{"allow":["GET"]}}],"collection":[{"href":"https:\/\/blaschke-net.com\/index.php?rest_route=\/wp\/v2\/pages"}],"about":[{"href":"https:\/\/blaschke-net.com\/index.php?rest_route=\/wp\/v2\/types\/page"}],"author":[{"embeddable":true,"href":"https:\/\/blaschke-net.com\/index.php?rest_route=\/wp\/v2\/users\/1"}],"replies":[{"embeddable":true,"href":"https:\/\/blaschke-net.com\/index.php?rest_route=%2Fwp%2Fv2%2Fcomments&post=89"}],"version-history":[{"count":6,"href":"https:\/\/blaschke-net.com\/index.php?rest_route=\/wp\/v2\/pages\/89\/revisions"}],"predecessor-version":[{"id":287,"href":"https:\/\/blaschke-net.com\/index.php?rest_route=\/wp\/v2\/pages\/89\/revisions\/287"}],"wp:attachment":[{"href":"https:\/\/blaschke-net.com\/index.php?rest_route=%2Fwp%2Fv2%2Fmedia&parent=89"}],"curies":[{"name":"wp","href":"https:\/\/api.w.org\/{rel}","templated":true}]}}